{"id":1607,"date":"2024-03-28T09:53:00","date_gmt":"2024-03-28T09:53:00","guid":{"rendered":"http:\/\/boombox.px-lab.com\/?page_id=484"},"modified":"2024-10-13T11:08:28","modified_gmt":"2024-10-13T11:08:28","slug":"iletisim","status":"publish","type":"page","link":"https:\/\/www.dogumgunu.biz\/isminin-anlami\/iletisim","title":{"rendered":"\u0130leti\u015fim"},"content":{"rendered":"\n<p>www.dogumgunu.biz\/isminin-anlami ileti\u015fim sayfas\u0131<\/p>\n\n\n\n<p><em>Sitemizde yer alan i\u00e7erik veya ba\u015fka konularla ilgili bize ula\u015fmak isterseniz <strong>iletisim@dogumgunu.biz <\/strong>adresinden bize eposta yoluyla ula\u015fabilirsiniz.<\/em><\/p>\n\n\n\n<p>Bize a\u015fa\u011f\u0131daki Yorum formunu doldurarakta h\u0131zl\u0131 bir \u015fekilde ileti\u015fime ge\u00e7ebilirsiniz.<\/p>\n\n\n\n<p>Not: Yorumlar moderat\u00f6r\u00fcm\u00fcz taraf\u0131m\u0131zdan incelenir, Yay\u0131nlanmaz.<\/p>\n\n\n\t<div id=\"respond\" class=\"comment-respond wp-block-post-comments-form\">\n\t\t<h3 id=\"reply-title\" class=\"comment-reply-title\">Bir yan\u0131t yaz\u0131n <small><a rel=\"nofollow\" id=\"cancel-comment-reply-link\" href=\"\/isminin-anlami\/wp-json\/wp\/v2\/pages\/1607#respond\" style=\"display:none;\">Yan\u0131t\u0131 iptal et<\/a><\/small><\/h3><form action=\"https:\/\/www.dogumgunu.biz\/isminin-anlami\/wp-comments-post.php\" method=\"post\" id=\"commentform\" class=\"comment-form\"><p class=\"comment-notes\"><span id=\"email-notes\">E-posta adresiniz yay\u0131nlanmayacak.<\/span> <span class=\"required-field-message\">Gerekli alanlar <span class=\"required\">*<\/span> ile i\u015faretlenmi\u015flerdir<\/span><\/p><p class=\"comment-form-comment\"><label for=\"comment\">Yorum <span class=\"required\">*<\/span><\/label> <textarea id=\"comment\" name=\"comment\" cols=\"45\" rows=\"8\" maxlength=\"65525\" required><\/textarea><\/p><p class=\"comment-form-author\"><label for=\"author\">Ad <span class=\"required\">*<\/span><\/label> <input id=\"author\" name=\"author\" type=\"text\" value=\"\" size=\"30\" maxlength=\"245\" autocomplete=\"name\" required \/><\/p>\n<p class=\"comment-form-email\"><label for=\"email\">E-posta <span class=\"required\">*<\/span><\/label> <input id=\"email\" name=\"email\" type=\"email\" value=\"\" size=\"30\" maxlength=\"100\" aria-describedby=\"email-notes\" autocomplete=\"email\" required \/><\/p>\n<p class=\"comment-form-url\"><label for=\"url\">\u0130nternet sitesi<\/label> <input id=\"url\" name=\"url\" type=\"url\" value=\"\" size=\"30\" maxlength=\"200\" autocomplete=\"url\" \/><\/p>\n<p class=\"comment-form-cookies-consent\"><input id=\"wp-comment-cookies-consent\" name=\"wp-comment-cookies-consent\" type=\"checkbox\" value=\"yes\" \/> <label for=\"wp-comment-cookies-consent\">Daha sonraki yorumlar\u0131mda kullan\u0131lmas\u0131 i\u00e7in ad\u0131m, e-posta adresim ve site adresim bu taray\u0131c\u0131ya kaydedilsin.<\/label><\/p>\n<p class=\"form-submit\"><input name=\"submit\" type=\"submit\" id=\"submit\" class=\"submit\" value=\"Yorum g\u00f6nder\" \/> <input type='hidden' name='comment_post_ID' value='1607' id='comment_post_ID' \/>\n<input type='hidden' name='comment_parent' id='comment_parent' value='0' \/>\n<\/p><\/form>\t<\/div><!-- #respond -->\n\t","protected":false},"excerpt":{"rendered":"<p>www.dogumgunu.biz\/isminin-anlami ileti\u015fim sayfas\u0131 Sitemizde yer alan i\u00e7erik&#46;&#46;&#46;<\/p>\n","protected":false},"author":2,"featured_media":0,"parent":0,"menu_order":0,"comment_status":"open","ping_status":"closed","template":"","meta":{"footnotes":""},"class_list":["post-1607","page","type-page","status-publish","hentry"],"yoast_head":"<!-- This site is optimized with the Yoast SEO plugin v27.5 - https:\/\/yoast.com\/product\/yoast-seo-wordpress\/ -->\n<title>\u0130leti\u015fim - \u0130sminin Anlam\u0131 - \u0130simler - \u0130sim Bul<\/title>\n<meta name=\"robots\" content=\"index, follow, max-snippet:-1, max-image-preview:large, max-video-preview:-1\" \/>\n<link rel=\"canonical\" href=\"https:\/\/www.dogumgunu.biz\/isminin-anlami\/iletisim\" \/>\n<meta property=\"og:locale\" content=\"tr_TR\" \/>\n<meta property=\"og:type\" content=\"article\" \/>\n<meta property=\"og:title\" content=\"\u0130leti\u015fim - \u0130sminin Anlam\u0131 - \u0130simler - \u0130sim Bul\" \/>\n<meta property=\"og:description\" content=\"www.dogumgunu.biz\/isminin-anlami ileti\u015fim sayfas\u0131 Sitemizde yer alan i\u00e7erik&#046;&#046;&#046;\" \/>\n<meta property=\"og:url\" content=\"https:\/\/www.dogumgunu.biz\/isminin-anlami\/iletisim\" \/>\n<meta property=\"og:site_name\" content=\"\u0130sminin Anlam\u0131 - \u0130simler - \u0130sim Bul\" \/>\n<meta property=\"article:modified_time\" content=\"2024-10-13T11:08:28+00:00\" \/>\n<meta name=\"twitter:card\" content=\"summary_large_image\" \/>\n<meta name=\"twitter:label1\" content=\"Tahmini okuma s\u00fcresi\" \/>\n\t<meta name=\"twitter:data1\" content=\"1 dakika\" \/>\n<script type=\"application\/ld+json\" class=\"yoast-schema-graph\">{\"@context\":\"https:\\\/\\\/schema.org\",\"@graph\":[{\"@type\":\"WebPage\",\"@id\":\"https:\\\/\\\/www.dogumgunu.biz\\\/isminin-anlami\\\/iletisim\",\"url\":\"https:\\\/\\\/www.dogumgunu.biz\\\/isminin-anlami\\\/iletisim\",\"name\":\"\u0130leti\u015fim - \u0130sminin Anlam\u0131 - \u0130simler - \u0130sim Bul\",\"isPartOf\":{\"@id\":\"https:\\\/\\\/www.dogumgunu.biz\\\/isminin-anlami\\\/#website\"},\"datePublished\":\"2024-03-28T09:53:00+00:00\",\"dateModified\":\"2024-10-13T11:08:28+00:00\",\"breadcrumb\":{\"@id\":\"https:\\\/\\\/www.dogumgunu.biz\\\/isminin-anlami\\\/iletisim#breadcrumb\"},\"inLanguage\":\"tr\",\"potentialAction\":[{\"@type\":\"ReadAction\",\"target\":[\"https:\\\/\\\/www.dogumgunu.biz\\\/isminin-anlami\\\/iletisim\"]}]},{\"@type\":\"BreadcrumbList\",\"@id\":\"https:\\\/\\\/www.dogumgunu.biz\\\/isminin-anlami\\\/iletisim#breadcrumb\",\"itemListElement\":[{\"@type\":\"ListItem\",\"position\":1,\"name\":\"Anasayfa\",\"item\":\"https:\\\/\\\/www.dogumgunu.biz\\\/isminin-anlami\"},{\"@type\":\"ListItem\",\"position\":2,\"name\":\"\u0130leti\u015fim\"}]},{\"@type\":\"WebSite\",\"@id\":\"https:\\\/\\\/www.dogumgunu.biz\\\/isminin-anlami\\\/#website\",\"url\":\"https:\\\/\\\/www.dogumgunu.biz\\\/isminin-anlami\\\/\",\"name\":\"\u0130sminin Anlam\u0131 - \u0130simler - \u0130sim Bul\",\"description\":\"\u0130sminin Anlam\u0131 - Bebeklere \u0130simler\",\"potentialAction\":[{\"@type\":\"SearchAction\",\"target\":{\"@type\":\"EntryPoint\",\"urlTemplate\":\"https:\\\/\\\/www.dogumgunu.biz\\\/isminin-anlami\\\/?s={search_term_string}\"},\"query-input\":{\"@type\":\"PropertyValueSpecification\",\"valueRequired\":true,\"valueName\":\"search_term_string\"}}],\"inLanguage\":\"tr\"}]}<\/script>\n<!-- \/ Yoast SEO plugin. -->","yoast_head_json":{"title":"\u0130leti\u015fim - \u0130sminin Anlam\u0131 - \u0130simler - \u0130sim Bul","robots":{"index":"index","follow":"follow","max-snippet":"max-snippet:-1","max-image-preview":"max-image-preview:large","max-video-preview":"max-video-preview:-1"},"canonical":"https:\/\/www.dogumgunu.biz\/isminin-anlami\/iletisim","og_locale":"tr_TR","og_type":"article","og_title":"\u0130leti\u015fim - \u0130sminin Anlam\u0131 - \u0130simler - \u0130sim Bul","og_description":"www.dogumgunu.biz\/isminin-anlami ileti\u015fim sayfas\u0131 Sitemizde yer alan i\u00e7erik&#46;&#46;&#46;","og_url":"https:\/\/www.dogumgunu.biz\/isminin-anlami\/iletisim","og_site_name":"\u0130sminin Anlam\u0131 - \u0130simler - \u0130sim Bul","article_modified_time":"2024-10-13T11:08:28+00:00","twitter_card":"summary_large_image","twitter_misc":{"Tahmini okuma s\u00fcresi":"1 dakika"},"schema":{"@context":"https:\/\/schema.org","@graph":[{"@type":"WebPage","@id":"https:\/\/www.dogumgunu.biz\/isminin-anlami\/iletisim","url":"https:\/\/www.dogumgunu.biz\/isminin-anlami\/iletisim","name":"\u0130leti\u015fim - \u0130sminin Anlam\u0131 - \u0130simler - \u0130sim Bul","isPartOf":{"@id":"https:\/\/www.dogumgunu.biz\/isminin-anlami\/#website"},"datePublished":"2024-03-28T09:53:00+00:00","dateModified":"2024-10-13T11:08:28+00:00","breadcrumb":{"@id":"https:\/\/www.dogumgunu.biz\/isminin-anlami\/iletisim#breadcrumb"},"inLanguage":"tr","potentialAction":[{"@type":"ReadAction","target":["https:\/\/www.dogumgunu.biz\/isminin-anlami\/iletisim"]}]},{"@type":"BreadcrumbList","@id":"https:\/\/www.dogumgunu.biz\/isminin-anlami\/iletisim#breadcrumb","itemListElement":[{"@type":"ListItem","position":1,"name":"Anasayfa","item":"https:\/\/www.dogumgunu.biz\/isminin-anlami"},{"@type":"ListItem","position":2,"name":"\u0130leti\u015fim"}]},{"@type":"WebSite","@id":"https:\/\/www.dogumgunu.biz\/isminin-anlami\/#website","url":"https:\/\/www.dogumgunu.biz\/isminin-anlami\/","name":"\u0130sminin Anlam\u0131 - \u0130simler - \u0130sim Bul","description":"\u0130sminin Anlam\u0131 - Bebeklere \u0130simler","potentialAction":[{"@type":"SearchAction","target":{"@type":"EntryPoint","urlTemplate":"https:\/\/www.dogumgunu.biz\/isminin-anlami\/?s={search_term_string}"},"query-input":{"@type":"PropertyValueSpecification","valueRequired":true,"valueName":"search_term_string"}}],"inLanguage":"tr"}]}},"_links":{"self":[{"href":"https:\/\/www.dogumgunu.biz\/isminin-anlami\/wp-json\/wp\/v2\/pages\/1607","targetHints":{"allow":["GET"]}}],"collection":[{"href":"https:\/\/www.dogumgunu.biz\/isminin-anlami\/wp-json\/wp\/v2\/pages"}],"about":[{"href":"https:\/\/www.dogumgunu.biz\/isminin-anlami\/wp-json\/wp\/v2\/types\/page"}],"author":[{"embeddable":true,"href":"https:\/\/www.dogumgunu.biz\/isminin-anlami\/wp-json\/wp\/v2\/users\/2"}],"replies":[{"embeddable":true,"href":"https:\/\/www.dogumgunu.biz\/isminin-anlami\/wp-json\/wp\/v2\/comments?post=1607"}],"version-history":[{"count":8,"href":"https:\/\/www.dogumgunu.biz\/isminin-anlami\/wp-json\/wp\/v2\/pages\/1607\/revisions"}],"predecessor-version":[{"id":4782,"href":"https:\/\/www.dogumgunu.biz\/isminin-anlami\/wp-json\/wp\/v2\/pages\/1607\/revisions\/4782"}],"wp:attachment":[{"href":"https:\/\/www.dogumgunu.biz\/isminin-anlami\/wp-json\/wp\/v2\/media?parent=1607"}],"curies":[{"name":"wp","href":"https:\/\/api.w.org\/{rel}","templated":true}]}}